{"id":6823,"date":"2023-11-06T11:32:24","date_gmt":"2023-11-06T09:32:24","guid":{"rendered":"https:\/\/www.diving-shark.hr\/ziel\/"},"modified":"2024-07-09T09:34:34","modified_gmt":"2024-07-09T07:34:34","slug":"reiseziel","status":"publish","type":"page","link":"https:\/\/www.diving-shark.hr\/de\/reiseziel\/","title":{"rendered":"Reiseziel"},"content":{"rendered":"\t\t<div data-elementor-type=\"wp-page\" data-elementor-id=\"6823\" class=\"elementor elementor-6823 elementor-4718\" data-elementor-post-type=\"page\">\n\t\t\t\t\t\t<section class=\"elementor-section elementor-top-section elementor-element elementor-element-4c54f7cd elementor-section-boxed elementor-section-height-default elementor-section-height-default\" data-id=\"4c54f7cd\" data-element_type=\"section\" data-e-type=\"section\" data-settings=\"{&quot;background_background&quot;:&quot;classic&quot;}\">\n\t\t\t\t\t\t<div class=\"elementor-container elementor-column-gap-wider\">\n\t\t\t\t\t<div class=\"elementor-column elementor-col-100 elementor-top-column elementor-element elementor-element-166e9c8e sc_inner_width_none sc_layouts_column_icons_position_left\" data-id=\"166e9c8e\" data-element_type=\"column\" data-e-type=\"column\">\n\t\t\t<div class=\"elementor-widget-wrap elementor-element-populated\">\n\t\t\t\t\t\t<div class=\"elementor-element elementor-element-566a6784 sc_fly_static elementor-widget elementor-widget-heading\" data-id=\"566a6784\" data-element_type=\"widget\" data-e-type=\"widget\" data-widget_type=\"heading.default\">\n\t\t\t\t<div class=\"elementor-widget-container\">\n\t\t\t\t\t<h5 class=\"elementor-heading-title elementor-size-default\">In der N\u00e4he attraktiver Standorte<\/h5>\t\t\t\t<\/div>\n\t\t\t\t<\/div>\n\t\t\t\t<div class=\"elementor-element elementor-element-1b3eed66 sc_fly_static elementor-widget elementor-widget-text-editor\" data-id=\"1b3eed66\" data-element_type=\"widget\" data-e-type=\"widget\" data-widget_type=\"text-editor.default\">\n\t\t\t\t<div class=\"elementor-widget-container\">\n\t\t\t\t\t\t\t\t\t<p>Attraktive Orte k\u00f6nnen Sie im Umkreis von 15 Kilometern um die Tauchbasis SHARK besuchen.<\/p>\t\t\t\t\t\t\t\t<\/div>\n\t\t\t\t<\/div>\n\t\t\t\t\t<\/div>\n\t\t<\/div>\n\t\t\t\t\t<\/div>\n\t\t<\/section>\n\t\t\t\t<section class=\"elementor-section elementor-top-section elementor-element elementor-element-5b195da0 elementor-section-boxed elementor-section-height-default elementor-section-height-default\" data-id=\"5b195da0\" data-element_type=\"section\" data-e-type=\"section\">\n\t\t\t\t\t\t<div class=\"elementor-container elementor-column-gap-extended\">\n\t\t\t\t\t<div class=\"elementor-column elementor-col-100 elementor-top-column elementor-element elementor-element-32bce64b sc_inner_width_none sc_layouts_column_icons_position_left\" data-id=\"32bce64b\" data-element_type=\"column\" data-e-type=\"column\">\n\t\t\t<div class=\"elementor-widget-wrap elementor-element-populated\">\n\t\t\t\t\t\t<div class=\"elementor-element elementor-element-79d34af sc_fly_static elementor-widget elementor-widget-trx_sc_promo\" data-id=\"79d34af\" data-element_type=\"widget\" data-e-type=\"widget\" data-widget_type=\"trx_sc_promo.default\">\n\t\t\t\t<div class=\"elementor-widget-container\">\n\t\t\t\t\t<div  id=\"trx_sc_promo_2022748289\" \n\tclass=\"sc_promo sc_promo_default sc_promo_size_normal sc_promo_image_position_left\"><div class=\"sc_promo_image\" style=\"background-image:url(\/\/www.diving-shark.hr\/wp-content\/uploads\/2023\/11\/medulin.jpg);width:30%;left: 0;\"><\/div><!-- \/.sc_promo_image --><div class=\"sc_promo_text\" style=\"width: 70%;float: right;\">\n\t\t\t<div class=\"sc_promo_text_inner trx_addons_inline_214385561\"><h2 class=\"sc_item_title sc_promo_title sc_item_title_style_decoration sc_item_title_tag\"><span class=\"sc_item_title_text\">Medulin<\/span><\/h2><div class=\"sc_item_descr sc_promo_descr\"><p><b>Einst ein Fischerdorf, heute ein modernes Touristenzentrum<\/b>, bietet Medulin einen dynamischen und inhaltsreichen Urlaub. Alles ist dem Tourismus untergeordnet.<\/p>\n<p><b>Die Sommermonate machen in der Stadt am meisten Spa\u00df.<\/b> Wir haben eine Bank, Geldautomaten, ein Postamt, eine Arztpraxis, eine Apotheke, einen gr\u00fcnen Markt, eine Autowaschanlage, eine Reihe von Gesch\u00e4ften, Souvenirl\u00e4den, Juweliergesch\u00e4fte, Friseursalons, Galerien. Das Unterhaltungsangebot ist vielf\u00e4ltig, von Diskotheken, die bis in den Morgen ge\u00f6ffnet sind, bis hin zu Strandbars und Tanzterrassen.<\/p>\n<p><b>Im Winter bereiten sich in der Natur von Medulin Sportler vor, vor allem Taucher<\/b>, Fu\u00dfballspieler und Sportler. Das Klima ist ideal f\u00fcr die Wintervorbereitungen. <b>Die durchschnittliche Tagestemperatur im Januar betr\u00e4gt 6,2 Grad Celsius<\/b>, was f\u00fcr Sport und Erholung geeignet ist.<\/p>\n<p><b>Unsere Tauchbasis ist das ganze Jahr \u00fcber ge\u00f6ffnet<\/b>, sodass Sie nach Anmeldung jederzeit in das Unterwasserreich der Stille eintauchen k\u00f6nnen. Sie k\u00f6nnen es sich auch leisten, Fahrrad zu fahren, vielleicht zu reiten oder einfach durch diese \u00fcberwiegend flache Landschaft zu laufen.<\/p>\n<p>Entdecken Sie in Medulin, einem Gebiet mit Fischertradition, die K\u00f6stlichkeiten der lokalen K\u00fcche \u2013 Krabbensalat, schwarzes Risotto oder Brodet. Wenn Sie ein Fleischmen\u00fc bevorzugen, gibt es istrischen Prosciutto, Wurst und K\u00e4se, und wenn Sie Pasta m\u00f6gen, sind Fuji mit Kalbsgumbo oder vielleicht aromatische Spezialit\u00e4ten mit ber\u00fchmten Tr\u00fcffeln die perfekte Wahl f\u00fcr Sie.<\/p>\n<p>Fahren Sie zu einer der sieben Inseln des Medulin-Archipels \u2013 Ceja, Levan oder Bodula\u0161 \u2013 wo es Restaurants gibt. Vielleicht bevorzugen Sie eine Luftaufnahme? Dann ist ein Panoramaflug im Sportflugzeug genau das Richtige f\u00fcr Sie. Verpassen Sie nicht, die alten Windm\u00fchlen am Meer, die arch\u00e4ologische St\u00e4tte von Vi\u017eula mit den \u00dcberresten r\u00f6mischer Villen oder einen Spaziergang zum Medulin-Teich mit Enten zu besichtigen. Die Auswahl ist vielf\u00e4ltig und Sie haben die Wahl.<\/p>\n<p>Der <b>einzigartige Meduliner Sandstrand von Bijeca, der einen Kilometer lang ist<\/b>, lockt Familien mit kleinen Kindern an. Naturliebhaber w\u00e4hlen einen der beiden Camps, wo jahrhundertealte Kiefern sie vor der starken Sonne sch\u00fctzen. Junge Besucher werden Unterhaltung und Nachtleben nicht vermissen.<\/p>\n<\/div><\/div>\n\t\t<\/div><!-- \/.sc_promo_text --><\/div><!-- \/.sc_promo -->\t\t\t\t<\/div>\n\t\t\t\t<\/div>\n\t\t\t\t<div class=\"elementor-element elementor-element-7c860876 sc_fly_static elementor-widget elementor-widget-spacer\" data-id=\"7c860876\" data-element_type=\"widget\" data-e-type=\"widget\" data-widget_type=\"spacer.default\">\n\t\t\t\t<div class=\"elementor-widget-container\">\n\t\t\t\t\t\t\t<div class=\"elementor-spacer\">\n\t\t\t<div class=\"elementor-spacer-inner\"><\/div>\n\t\t<\/div>\n\t\t\t\t\t\t<\/div>\n\t\t\t\t<\/div>\n\t\t\t\t<div class=\"elementor-element elementor-element-25bf8055 sc_fly_static elementor-widget elementor-widget-trx_sc_promo\" data-id=\"25bf8055\" data-element_type=\"widget\" data-e-type=\"widget\" data-widget_type=\"trx_sc_promo.default\">\n\t\t\t\t<div class=\"elementor-widget-container\">\n\t\t\t\t\t<div  id=\"trx_sc_promo_604540946\" \n\tclass=\"sc_promo sc_promo_default sc_promo_size_normal sc_promo_image_position_right\"><div class=\"sc_promo_image\" style=\"background-image:url(\/\/www.diving-shark.hr\/wp-content\/uploads\/2023\/11\/pula.jpg);width:30%;right: 0;\"><\/div><!-- \/.sc_promo_image --><div class=\"sc_promo_text\" style=\"width: 70%;float: left;\">\n\t\t\t<div class=\"sc_promo_text_inner trx_addons_inline_631376799\"><h2 class=\"sc_item_title sc_promo_title sc_item_title_style_decoration sc_item_title_tag\"><span class=\"sc_item_title_text\">Pula<\/span><\/h2><div class=\"sc_item_descr sc_promo_descr\"><p><b>Pula liegt nur 8 km von Medulin entfernt<\/b> und dort befindet sich <b>das ber\u00fchmteste und bedeutendste Denkmal<\/b>, das Geb\u00e4ude, mit dem jeder Stadtrundgang beginnt und endet, das <b>Pula-Arena<\/b >. Das Geb\u00e4ude, in dem Gladiatorenk\u00e4mpfe ausgetragen wurden, wurde im 1. Jahrhundert, w\u00e4hrend der Herrschaft von Kaiser Vespasian, zur gleichen Zeit wie das gr\u00f6\u00dfte und ber\u00fchmteste Geb\u00e4ude seiner Art \u2013 das Kolosseum in Rom \u2013 erbaut. Es hat eine elliptische Form mit einer Hauptachse von 130 Metern L\u00e4nge und einer k\u00fcrzeren Achse von 100 Metern L\u00e4nge. In der Mitte befindet sich ein flacher Bereich \u2013 die Arena, und die Zuschauer sa\u00dfen auf den Steinstufen oder standen auf der Galerie. Man geht davon aus, dass die Arena 20.000 Zuschauer fassen k\u00f6nnte. Sie wurde wie die meisten Promenaden in Venedig aus lokalem Kalkstein gebaut. Im Mittelalter wurde die Arena f\u00fcr Ritterturniere und Jahrm\u00e4rkte genutzt. <b>Heute wird es f\u00fcr Sommerveranstaltungen genutzt: Filmfestival, verschiedene Veranstaltungen, Konzerte, bei denen etwa 5000 Zuschauer Platz finden.<\/b> Im unterirdischen Raum, der fr\u00fcher den Gladiatoren diente, ist heute eine Dauerausstellung \u201eOlivenanbau und Olivenanbau\u201c zu sehen Weinbau Istriens im Altertum\u201c, angereichert mit Rekonstruktionen von Maschinen zur Herstellung von \u00d6l und Wein (M\u00fchlen, Pressen, Sedimentationsgef\u00e4\u00dfe) und Amphoren, die als Verpackung f\u00fcr den Transport von \u00d6l und Wein dienten.<br \/>\nAufgrund ihrer Gr\u00f6\u00dfe und geografischen Lage liegt die Arena au\u00dferhalb der Stadtmauern des alten Pula. Die Stadt selbst wird von einer Stra\u00dfe aus der Zeit Vespasians angef\u00fchrt, nach der sie auch ihren Namen erhielt \u2013 Via Flavia, die bis heute eine der Stra\u00dfen ist die Hauptverkehrsstra\u00dfen der Stadt.<\/p>\n<\/div><\/div>\n\t\t<\/div><!-- \/.sc_promo_text --><\/div><!-- \/.sc_promo -->\t\t\t\t<\/div>\n\t\t\t\t<\/div>\n\t\t\t\t<div class=\"elementor-element elementor-element-4a48d58d sc_fly_static elementor-widget elementor-widget-spacer\" data-id=\"4a48d58d\" data-element_type=\"widget\" data-e-type=\"widget\" data-widget_type=\"spacer.default\">\n\t\t\t\t<div class=\"elementor-widget-container\">\n\t\t\t\t\t\t\t<div class=\"elementor-spacer\">\n\t\t\t<div class=\"elementor-spacer-inner\"><\/div>\n\t\t<\/div>\n\t\t\t\t\t\t<\/div>\n\t\t\t\t<\/div>\n\t\t\t\t<div class=\"elementor-element elementor-element-7f78f191 sc_fly_static elementor-widget elementor-widget-trx_sc_promo\" data-id=\"7f78f191\" data-element_type=\"widget\" data-e-type=\"widget\" data-widget_type=\"trx_sc_promo.default\">\n\t\t\t\t<div class=\"elementor-widget-container\">\n\t\t\t\t\t<div  id=\"trx_sc_promo_16163930\" \n\tclass=\"sc_promo sc_promo_default sc_promo_size_normal sc_promo_no_image\"><div class=\"sc_promo_text\" style=\"width: 100%;\">\n\t\t\t<div class=\"sc_promo_text_inner trx_addons_inline_334660182\"><h2 class=\"sc_item_title sc_promo_title sc_item_title_style_decoration sc_item_title_tag\"><span class=\"sc_item_title_text\">Tempel des Augustus<\/span><\/h2><div class=\"sc_item_descr sc_promo_descr\"><p>Der Tempel auf dem Forum ist der G\u00f6ttin Roma und Kaiser Augustus gewidmet. <b>Erbaut zwischen dem Jahr 2 v. Chr. und dem Jahr 14<\/b>, als Augustus starb. Seine Form ist eine typische Tempelstruktur. Die Funktion des Tempels \u00e4nderte sich: Am Ende der heidnischen Antike endete die Grundfunktion des Tempels und er wurde als Kirche, dann als Getreidelager genutzt und <b>zu Beginn des 19. Jahrhunderts beherbergte er ein Museum der Steindenkm\u00e4ler<\/b>. 1944 wurde es von einer Bombe getroffen und fast vollst\u00e4ndig zerst\u00f6rt; Der Wiederaufbau dauerte von 1945 bis 1947 und heute beherbergt es eine kleinere Ausstellung antiker Skulpturen aus Stein und Bronze.<br \/>\nDer zweite Zwillingstempel, von dem nur noch die R\u00fcckwand erhalten ist, soll zur gleichen Zeit und im gleichen Stil erbaut worden sein und wird der \u00dcberlieferung nach Dianatempel genannt.<\/p>\n<\/div><\/div>\n\t\t<\/div><!-- \/.sc_promo_text --><\/div><!-- \/.sc_promo -->\t\t\t\t<\/div>\n\t\t\t\t<\/div>\n\t\t\t\t<div class=\"elementor-element elementor-element-4058aad9 sc_fly_static elementor-widget elementor-widget-spacer\" data-id=\"4058aad9\" data-element_type=\"widget\" data-e-type=\"widget\" data-widget_type=\"spacer.default\">\n\t\t\t\t<div class=\"elementor-widget-container\">\n\t\t\t\t\t\t\t<div class=\"elementor-spacer\">\n\t\t\t<div class=\"elementor-spacer-inner\"><\/div>\n\t\t<\/div>\n\t\t\t\t\t\t<\/div>\n\t\t\t\t<\/div>\n\t\t\t\t<div class=\"elementor-element elementor-element-1c21c526 sc_fly_static elementor-widget elementor-widget-trx_sc_promo\" data-id=\"1c21c526\" data-element_type=\"widget\" data-e-type=\"widget\" data-widget_type=\"trx_sc_promo.default\">\n\t\t\t\t<div class=\"elementor-widget-container\">\n\t\t\t\t\t<div  id=\"trx_sc_promo_644963210\" \n\tclass=\"sc_promo sc_promo_default sc_promo_size_normal sc_promo_no_image\"><div class=\"sc_promo_text\" style=\"width: 100%;\">\n\t\t\t<div class=\"sc_promo_text_inner trx_addons_inline_1662138709\"><h2 class=\"sc_item_title sc_promo_title sc_item_title_style_decoration sc_item_title_tag\"><span class=\"sc_item_title_text\">Observatorium Pula<\/span><\/h2><div class=\"sc_item_descr sc_promo_descr\"><p>Das Pula-Observatorium befindet sich an einem der sch\u00f6nsten Orte in Pula, im Park Monte Zaro, von dem aus Sie nicht nur den Himmel und die Sterne, sondern auch das Stadtzentrum und die Bucht von Pula sehen k\u00f6nnen.<\/p>\n<p><b>Das Pula-Observatorium wurde 1869<\/b> als eine der Abteilungen des Kaiserlich-K\u00f6niglichen Hydrographischen Instituts der Marine (K. und K. Hidrographisches Amt) gegr\u00fcndet und <b>ist das \u00e4lteste Observatorium in Kroatien Es wurden 28 Planetoiden entdeckt<\/b>, von denen drei die Namen Polana, Adria und Istria tragen.<br \/>\nAstronomen sagen uns, dass der Blick in den Himmel am Abend am sch\u00f6nsten ist.<\/p>\n<\/div><\/div>\n\t\t<\/div><!-- \/.sc_promo_text --><\/div><!-- \/.sc_promo -->\t\t\t\t<\/div>\n\t\t\t\t<\/div>\n\t\t\t\t<div class=\"elementor-element elementor-element-b73d05c sc_fly_static elementor-widget elementor-widget-spacer\" data-id=\"b73d05c\" data-element_type=\"widget\" data-e-type=\"widget\" data-widget_type=\"spacer.default\">\n\t\t\t\t<div class=\"elementor-widget-container\">\n\t\t\t\t\t\t\t<div class=\"elementor-spacer\">\n\t\t\t<div class=\"elementor-spacer-inner\"><\/div>\n\t\t<\/div>\n\t\t\t\t\t\t<\/div>\n\t\t\t\t<\/div>\n\t\t\t\t<div class=\"elementor-element elementor-element-9a9a52c sc_fly_static elementor-widget elementor-widget-trx_sc_promo\" data-id=\"9a9a52c\" data-element_type=\"widget\" data-e-type=\"widget\" data-widget_type=\"trx_sc_promo.default\">\n\t\t\t\t<div class=\"elementor-widget-container\">\n\t\t\t\t\t<div  id=\"trx_sc_promo_909093630\" \n\tclass=\"sc_promo sc_promo_default sc_promo_size_normal sc_promo_no_image\"><div class=\"sc_promo_text\" style=\"width: 100%;\">\n\t\t\t<div class=\"sc_promo_text_inner trx_addons_inline_2003797126\"><h2 class=\"sc_item_title sc_promo_title sc_item_title_style_decoration sc_item_title_tag\"><span class=\"sc_item_title_text\">Aquarium Pula<\/span><\/h2><div class=\"sc_item_descr sc_promo_descr\"><p>Das Aquarium Pula befindet sich in der <b>122 Jahre alten \u00f6sterreichisch-ungarischen K\u00fcstenfestung Verudela<\/b> im Touristenort Verudela in Pula. Es erstreckt sich \u00fcber R\u00e4ume auf zwei Etagen, einen Tunnel und einen Wassergraben rund um die Festung. Neben mehreren Aquarien mit verschiedenen Fischarten, von adriatischen bis hin zu tropischen Fischen, ist das <b>Aquarium f\u00fcr sein Erholungszentrum f\u00fcr Meeresschildkr\u00f6ten<\/b> bekannt. Das eigentliche Spektakel ist die Freilassung geborgener Schildkr\u00f6ten ins Meer.<\/p>\n<\/div><\/div>\n\t\t<\/div><!-- \/.sc_promo_text --><\/div><!-- \/.sc_promo -->\t\t\t\t<\/div>\n\t\t\t\t<\/div>\n\t\t\t\t<div class=\"elementor-element elementor-element-0badc67 sc_fly_static elementor-widget elementor-widget-spacer\" data-id=\"0badc67\" data-element_type=\"widget\" data-e-type=\"widget\" data-widget_type=\"spacer.default\">\n\t\t\t\t<div class=\"elementor-widget-container\">\n\t\t\t\t\t\t\t<div class=\"elementor-spacer\">\n\t\t\t<div class=\"elementor-spacer-inner\"><\/div>\n\t\t<\/div>\n\t\t\t\t\t\t<\/div>\n\t\t\t\t<\/div>\n\t\t\t\t<div class=\"elementor-element elementor-element-e9fc425 sc_fly_static elementor-widget elementor-widget-trx_sc_promo\" data-id=\"e9fc425\" data-element_type=\"widget\" data-e-type=\"widget\" data-widget_type=\"trx_sc_promo.default\">\n\t\t\t\t<div class=\"elementor-widget-container\">\n\t\t\t\t\t<div  id=\"trx_sc_promo_1208229319\" \n\tclass=\"sc_promo sc_promo_default sc_promo_size_normal sc_promo_no_image\"><div class=\"sc_promo_text\" style=\"width: 100%;\">\n\t\t\t<div class=\"sc_promo_text_inner trx_addons_inline_1847955761\"><h2 class=\"sc_item_title sc_promo_title sc_item_title_style_decoration sc_item_title_tag\"><span class=\"sc_item_title_text\">Brijuni \u2013 ein Paradies in der N\u00e4he von Pula<\/span><\/h2><div class=\"sc_item_descr sc_promo_descr\"><p>Die Brijuni-Inseln oder das Brijuni-Archipel sind heute eines der attraktivsten Touristenziele in Kroatien. Sie besteht aus einer Inselgruppe vor der Westk\u00fcste Istriens, die zusammen mit dem dazugeh\u00f6rigen Wassergebiet <b>im Jahr 1983 gegr\u00fcndet wurde<\/b>. wurde zum Nationalpark erkl\u00e4rt. Sie sind nur <b>15 Kilometer<\/b> von Medulin entfernt. Der Brijuni-Archipel besteht aus zwei gro\u00dfen Inseln \u2013 Veliki und Mali Brijun \u2013 und <b>zw\u00f6lf kleineren Inselchen<\/b> an stark gegliederten K\u00fcsten, die seit pr\u00e4historischer Zeit bewohnt sind. Brijuni ist bekannt f\u00fcr sein sehr mildes, mediterranes Klima mit viel Sonne und Hitze und hoher Luftfeuchtigkeit, was eine \u00fcppige Vegetation und einen angenehmen Aufenthalt auf den Inseln erm\u00f6glicht. Ein Teil des Nationalparks ist mit tropischen Pflanzen bepflanzt, die speziell angelegte Alleen, Parks und Rasenfl\u00e4chen bilden.<\/p>\n<\/div><\/div>\n\t\t<\/div><!-- \/.sc_promo_text --><\/div><!-- \/.sc_promo -->\t\t\t\t<\/div>\n\t\t\t\t<\/div>\n\t\t\t\t\t<\/div>\n\t\t<\/div>\n\t\t\t\t\t<\/div>\n\t\t<\/section>\n\t\t\t\t<\/div>\n\t\t","protected":false},"excerpt":{"rendered":"<p>In der N\u00e4he attraktiver Standorte Attraktive Orte k\u00f6nnen Sie im Umkreis von&hellip;<\/p>\n","protected":false},"author":1,"featured_media":0,"parent":0,"menu_order":0,"comment_status":"closed","ping_status":"closed","template":"","meta":{"footnotes":""},"class_list":["post-6823","page","type-page","status-publish","hentry"],"yoast_head":"<!-- This site is optimized with the Yoast SEO plugin v27.6 - https:\/\/yoast.com\/product\/yoast-seo-wordpress\/ -->\n<title>Reiseziel - Diving Center Shark - Medulin - Pula - Istra<\/title>\n<meta name=\"robots\" content=\"index, follow, max-snippet:-1, max-image-preview:large, max-video-preview:-1\" \/>\n<link rel=\"canonical\" href=\"https:\/\/www.diving-shark.hr\/de\/reiseziel\/\" \/>\n<meta property=\"og:locale\" content=\"de_DE\" \/>\n<meta property=\"og:type\" content=\"article\" \/>\n<meta property=\"og:title\" content=\"Reiseziel - Diving Center Shark - Medulin - Pula - Istra\" \/>\n<meta property=\"og:description\" content=\"In der N\u00e4he attraktiver Standorte Attraktive Orte k\u00f6nnen Sie im Umkreis von&hellip;\" \/>\n<meta property=\"og:url\" content=\"https:\/\/www.diving-shark.hr\/de\/reiseziel\/\" \/>\n<meta property=\"og:site_name\" content=\"Diving Center Shark - Medulin - Pula - Istra\" \/>\n<meta property=\"article:modified_time\" content=\"2024-07-09T07:34:34+00:00\" \/>\n<meta name=\"twitter:card\" content=\"summary_large_image\" \/>\n<meta name=\"twitter:label1\" content=\"Gesch\u00e4tzte Lesezeit\" \/>\n\t<meta name=\"twitter:data1\" content=\"6\u00a0Minuten\" \/>\n<script type=\"application\/ld+json\" class=\"yoast-schema-graph\">{\"@context\":\"https:\\\/\\\/schema.org\",\"@graph\":[{\"@type\":\"WebPage\",\"@id\":\"https:\\\/\\\/www.diving-shark.hr\\\/de\\\/reiseziel\\\/\",\"url\":\"https:\\\/\\\/www.diving-shark.hr\\\/de\\\/reiseziel\\\/\",\"name\":\"Reiseziel - Diving Center Shark - Medulin - Pula - Istra\",\"isPartOf\":{\"@id\":\"https:\\\/\\\/www.diving-shark.hr\\\/de\\\/#website\"},\"datePublished\":\"2023-11-06T09:32:24+00:00\",\"dateModified\":\"2024-07-09T07:34:34+00:00\",\"breadcrumb\":{\"@id\":\"https:\\\/\\\/www.diving-shark.hr\\\/de\\\/reiseziel\\\/#breadcrumb\"},\"inLanguage\":\"de\",\"potentialAction\":[{\"@type\":\"ReadAction\",\"target\":[\"https:\\\/\\\/www.diving-shark.hr\\\/de\\\/reiseziel\\\/\"]}]},{\"@type\":\"BreadcrumbList\",\"@id\":\"https:\\\/\\\/www.diving-shark.hr\\\/de\\\/reiseziel\\\/#breadcrumb\",\"itemListElement\":[{\"@type\":\"ListItem\",\"position\":1,\"name\":\"Home\",\"item\":\"https:\\\/\\\/www.diving-shark.hr\\\/en\\\/\"},{\"@type\":\"ListItem\",\"position\":2,\"name\":\"Reiseziel\"}]},{\"@type\":\"WebSite\",\"@id\":\"https:\\\/\\\/www.diving-shark.hr\\\/de\\\/#website\",\"url\":\"https:\\\/\\\/www.diving-shark.hr\\\/de\\\/\",\"name\":\"Diving Center Shark - Medulin - Pula - Istra\",\"description\":\"Diving Center Shark - Medulin - Pula - Istra\",\"publisher\":{\"@id\":\"https:\\\/\\\/www.diving-shark.hr\\\/de\\\/#organization\"},\"potentialAction\":[{\"@type\":\"SearchAction\",\"target\":{\"@type\":\"EntryPoint\",\"urlTemplate\":\"https:\\\/\\\/www.diving-shark.hr\\\/de\\\/?s={search_term_string}\"},\"query-input\":{\"@type\":\"PropertyValueSpecification\",\"valueRequired\":true,\"valueName\":\"search_term_string\"}}],\"inLanguage\":\"de\"},{\"@type\":\"Organization\",\"@id\":\"https:\\\/\\\/www.diving-shark.hr\\\/de\\\/#organization\",\"name\":\"Diving Center Shark - Medulin - Pula - Istra\",\"url\":\"https:\\\/\\\/www.diving-shark.hr\\\/de\\\/\",\"logo\":{\"@type\":\"ImageObject\",\"inLanguage\":\"de\",\"@id\":\"https:\\\/\\\/www.diving-shark.hr\\\/de\\\/#\\\/schema\\\/logo\\\/image\\\/\",\"url\":\"https:\\\/\\\/www.diving-shark.hr\\\/wp-content\\\/uploads\\\/2023\\\/08\\\/shark-logo.png\",\"contentUrl\":\"https:\\\/\\\/www.diving-shark.hr\\\/wp-content\\\/uploads\\\/2023\\\/08\\\/shark-logo.png\",\"width\":200,\"height\":194,\"caption\":\"Diving Center Shark - Medulin - Pula - Istra\"},\"image\":{\"@id\":\"https:\\\/\\\/www.diving-shark.hr\\\/de\\\/#\\\/schema\\\/logo\\\/image\\\/\"}}]}<\/script>\n<!-- \/ Yoast SEO plugin. -->","yoast_head_json":{"title":"Reiseziel - Diving Center Shark - Medulin - Pula - Istra","robots":{"index":"index","follow":"follow","max-snippet":"max-snippet:-1","max-image-preview":"max-image-preview:large","max-video-preview":"max-video-preview:-1"},"canonical":"https:\/\/www.diving-shark.hr\/de\/reiseziel\/","og_locale":"de_DE","og_type":"article","og_title":"Reiseziel - Diving Center Shark - Medulin - Pula - Istra","og_description":"In der N\u00e4he attraktiver Standorte Attraktive Orte k\u00f6nnen Sie im Umkreis von&hellip;","og_url":"https:\/\/www.diving-shark.hr\/de\/reiseziel\/","og_site_name":"Diving Center Shark - Medulin - Pula - Istra","article_modified_time":"2024-07-09T07:34:34+00:00","twitter_card":"summary_large_image","twitter_misc":{"Gesch\u00e4tzte Lesezeit":"6\u00a0Minuten"},"schema":{"@context":"https:\/\/schema.org","@graph":[{"@type":"WebPage","@id":"https:\/\/www.diving-shark.hr\/de\/reiseziel\/","url":"https:\/\/www.diving-shark.hr\/de\/reiseziel\/","name":"Reiseziel - Diving Center Shark - Medulin - Pula - Istra","isPartOf":{"@id":"https:\/\/www.diving-shark.hr\/de\/#website"},"datePublished":"2023-11-06T09:32:24+00:00","dateModified":"2024-07-09T07:34:34+00:00","breadcrumb":{"@id":"https:\/\/www.diving-shark.hr\/de\/reiseziel\/#breadcrumb"},"inLanguage":"de","potentialAction":[{"@type":"ReadAction","target":["https:\/\/www.diving-shark.hr\/de\/reiseziel\/"]}]},{"@type":"BreadcrumbList","@id":"https:\/\/www.diving-shark.hr\/de\/reiseziel\/#breadcrumb","itemListElement":[{"@type":"ListItem","position":1,"name":"Home","item":"https:\/\/www.diving-shark.hr\/en\/"},{"@type":"ListItem","position":2,"name":"Reiseziel"}]},{"@type":"WebSite","@id":"https:\/\/www.diving-shark.hr\/de\/#website","url":"https:\/\/www.diving-shark.hr\/de\/","name":"Diving Center Shark - Medulin - Pula - Istra","description":"Diving Center Shark - Medulin - Pula - Istra","publisher":{"@id":"https:\/\/www.diving-shark.hr\/de\/#organization"},"potentialAction":[{"@type":"SearchAction","target":{"@type":"EntryPoint","urlTemplate":"https:\/\/www.diving-shark.hr\/de\/?s={search_term_string}"},"query-input":{"@type":"PropertyValueSpecification","valueRequired":true,"valueName":"search_term_string"}}],"inLanguage":"de"},{"@type":"Organization","@id":"https:\/\/www.diving-shark.hr\/de\/#organization","name":"Diving Center Shark - Medulin - Pula - Istra","url":"https:\/\/www.diving-shark.hr\/de\/","logo":{"@type":"ImageObject","inLanguage":"de","@id":"https:\/\/www.diving-shark.hr\/de\/#\/schema\/logo\/image\/","url":"https:\/\/www.diving-shark.hr\/wp-content\/uploads\/2023\/08\/shark-logo.png","contentUrl":"https:\/\/www.diving-shark.hr\/wp-content\/uploads\/2023\/08\/shark-logo.png","width":200,"height":194,"caption":"Diving Center Shark - Medulin - Pula - Istra"},"image":{"@id":"https:\/\/www.diving-shark.hr\/de\/#\/schema\/logo\/image\/"}}]}},"_links":{"self":[{"href":"https:\/\/www.diving-shark.hr\/de\/wp-json\/wp\/v2\/pages\/6823","targetHints":{"allow":["GET"]}}],"collection":[{"href":"https:\/\/www.diving-shark.hr\/de\/wp-json\/wp\/v2\/pages"}],"about":[{"href":"https:\/\/www.diving-shark.hr\/de\/wp-json\/wp\/v2\/types\/page"}],"author":[{"embeddable":true,"href":"https:\/\/www.diving-shark.hr\/de\/wp-json\/wp\/v2\/users\/1"}],"replies":[{"embeddable":true,"href":"https:\/\/www.diving-shark.hr\/de\/wp-json\/wp\/v2\/comments?post=6823"}],"version-history":[{"count":16,"href":"https:\/\/www.diving-shark.hr\/de\/wp-json\/wp\/v2\/pages\/6823\/revisions"}],"predecessor-version":[{"id":8529,"href":"https:\/\/www.diving-shark.hr\/de\/wp-json\/wp\/v2\/pages\/6823\/revisions\/8529"}],"wp:attachment":[{"href":"https:\/\/www.diving-shark.hr\/de\/wp-json\/wp\/v2\/media?parent=6823"}],"curies":[{"name":"wp","href":"https:\/\/api.w.org\/{rel}","templated":true}]}}